{"id":39,"date":"2022-03-08T07:31:30","date_gmt":"2022-03-08T07:31:30","guid":{"rendered":"https:\/\/www.kniezentrum.at\/de\/?page_id=39"},"modified":"2022-03-28T11:59:24","modified_gmt":"2022-03-28T11:59:24","slug":"nutzungsbedingungen","status":"publish","type":"page","link":"https:\/\/www.kniezentrum.at\/de\/nutzungsbedingungen\/","title":{"rendered":"Nutzungsbedingungen"},"content":{"rendered":"\t\t<div data-elementor-type=\"wp-page\" data-elementor-id=\"39\" class=\"elementor elementor-39\">\n\t\t\t\t\t\t\t\t\t<section data-particle_enable=\"false\" data-particle-mobile-disabled=\"false\" class=\"elementor-section elementor-top-section elementor-element elementor-element-31ad192 elementor-section-boxed elementor-section-height-default elementor-section-height-default\" data-id=\"31ad192\" data-element_type=\"section\" data-settings=\"{&quot;background_background&quot;:&quot;classic&quot;}\">\n\t\t\t\t\t\t<div class=\"elementor-container elementor-column-gap-default\">\n\t\t\t\t\t<div class=\"elementor-column elementor-col-100 elementor-top-column elementor-element elementor-element-24d635a animated-slow elementor-invisible\" data-id=\"24d635a\" data-element_type=\"column\" data-settings=\"{&quot;animation&quot;:&quot;fadeInUp&quot;}\">\n\t\t\t<div class=\"elementor-widget-wrap elementor-element-populated\">\n\t\t\t\t\t\t\t\t<div class=\"elementor-element elementor-element-ce1ba5c elementor-widget elementor-widget-heading\" data-id=\"ce1ba5c\" data-element_type=\"widget\" data-widget_type=\"heading.default\">\n\t\t\t\t<div class=\"elementor-widget-container\">\n\t\t\t<style>\/*! elementor - v3.6.1 - 23-03-2022 *\/\n.elementor-heading-title{padding:0;margin:0;line-height:1}.elementor-widget-heading .elementor-heading-title[class*=elementor-size-]>a{color:inherit;font-size:inherit;line-height:inherit}.elementor-widget-heading .elementor-heading-title.elementor-size-small{font-size:15px}.elementor-widget-heading .elementor-heading-title.elementor-size-medium{font-size:19px}.elementor-widget-heading .elementor-heading-title.elementor-size-large{font-size:29px}.elementor-widget-heading .elementor-heading-title.elementor-size-xl{font-size:39px}.elementor-widget-heading .elementor-heading-title.elementor-size-xxl{font-size:59px}<\/style><h3 class=\"elementor-heading-title elementor-size-default\">Rechtliche Hinweise<\/h3>\t\t<\/div>\n\t\t\t\t<\/div>\n\t\t\t\t<div class=\"elementor-element elementor-element-564e7fb elementor-widget elementor-widget-text-editor\" data-id=\"564e7fb\" data-element_type=\"widget\" data-settings=\"{&quot;_animation&quot;:&quot;none&quot;,&quot;_animation_delay&quot;:1000}\" data-widget_type=\"text-editor.default\">\n\t\t\t\t<div class=\"elementor-widget-container\">\n\t\t\t<style>\/*! elementor - v3.6.1 - 23-03-2022 *\/\n.elementor-widget-text-editor.elementor-drop-cap-view-stacked .elementor-drop-cap{background-color:#818a91;color:#fff}.elementor-widget-text-editor.elementor-drop-cap-view-framed .elementor-drop-cap{color:#818a91;border:3px solid;background-color:transparent}.elementor-widget-text-editor:not(.elementor-drop-cap-view-default) .elementor-drop-cap{margin-top:8px}.elementor-widget-text-editor:not(.elementor-drop-cap-view-default) .elementor-drop-cap-letter{width:1em;height:1em}.elementor-widget-text-editor .elementor-drop-cap{float:left;text-align:center;line-height:1;font-size:50px}.elementor-widget-text-editor .elementor-drop-cap-letter{display:inline-block}<\/style>\t\t\t\tFolgende, nachstehende Hinweise zur Benutzung der Website akzeptieren Sie vorbehaltlos, wenn Sie den Webauftritt von Kniezentrum Dr. Wolfgang Marth besuchen.\n\t\t\t\t\t\t<\/div>\n\t\t\t\t<\/div>\n\t\t\t\t<div class=\"elementor-element elementor-element-88723e1 elementor-widget elementor-widget-heading\" data-id=\"88723e1\" data-element_type=\"widget\" data-widget_type=\"heading.default\">\n\t\t\t\t<div class=\"elementor-widget-container\">\n\t\t\t<h3 class=\"elementor-heading-title elementor-size-default\">Nutzungsbedin\u00adgungen der Website<\/h3>\t\t<\/div>\n\t\t\t\t<\/div>\n\t\t\t\t<div class=\"elementor-element elementor-element-b3c7c92 elementor-widget elementor-widget-text-editor\" data-id=\"b3c7c92\" data-element_type=\"widget\" data-settings=\"{&quot;_animation&quot;:&quot;none&quot;,&quot;_animation_delay&quot;:1000}\" data-widget_type=\"text-editor.default\">\n\t\t\t\t<div class=\"elementor-widget-container\">\n\t\t\t\t\t\t\tAlle Inhalte unserer Homepage sind urheberrechtlich gesch\u00fctzt. Wir gestatten ausdr\u00fccklich die Nutzung aller Daten f\u00fcr den privaten, nicht kommerziellen Gebrauch. Bei Vervielf\u00e4ltigung ist auf die Urheber- und Eigentumsrechte von Kniezentrum Dr. Wolfgang Marth ausdr\u00fccklich hinzuweisen. Inhalte d\u00fcrfen in keiner Weise ver\u00e4ndert werden und ohne schriftliche Genehmigung nicht auf anderen Internetseiten oder vernetzten Rechnern genutzt werden. Jegliche Nutzung f\u00fcr \u00f6ffentliche oder kommerzielle Zwecke bedarf der Zustimmung von Kniezentrum Dr. Wolfgang Marth. Ein Versto\u00df gegen diese Bedingungen verpflichtet zur sofortigen Vernichtung aller Inhalte. Die Geltendmachung weiterer Schadensersatzanspr\u00fcche bleibt vorbehalten.\t\t\t\t\t\t<\/div>\n\t\t\t\t<\/div>\n\t\t\t\t<div class=\"elementor-element elementor-element-1967bef elementor-widget elementor-widget-heading\" data-id=\"1967bef\" data-element_type=\"widget\" data-widget_type=\"heading.default\">\n\t\t\t\t<div class=\"elementor-widget-container\">\n\t\t\t<h3 class=\"elementor-heading-title elementor-size-default\">Internetdienste & Querverweise<\/h3>\t\t<\/div>\n\t\t\t\t<\/div>\n\t\t\t\t<div class=\"elementor-element elementor-element-696adb8 elementor-widget elementor-widget-text-editor\" data-id=\"696adb8\" data-element_type=\"widget\" data-settings=\"{&quot;_animation&quot;:&quot;none&quot;,&quot;_animation_delay&quot;:1000}\" data-widget_type=\"text-editor.default\">\n\t\t\t\t<div class=\"elementor-widget-container\">\n\t\t\t\t\t\t\tUnsere Webseiten enthalten auch Querverweise (LINKS) zu Webseiten anderer Anbieter. F\u00fcr fremde Inhalte, die \u00fcber solche Querverweise (LINKS) erreichbar sind, ist die Kniezentrum Dr. Wolfgang Marth nicht verantwortlich. Das fremde Angebot wurde bei der erstmaligen Verlinkung auf rechtswidrige Inhalte \u00fcberpr\u00fcft. Erst wenn wir feststellen oder darauf hingewiesen werden, dass ein Angebot rechtswidrigen Inhalt aufweist, wird dieser Querverweis (LINK) aufgehoben, soweit dies technisch m\u00f6glich und zumutbar ist. Wir verwenden in unseren Webseiten Cookies &#038; ein Sessionmanagement, die die Benutzung unserer Online Angebote erleichtern. Unsere Cookies enthalten keine personenspezifischen Informationen, weder Ihre Mail-Adresse, noch sagen Sie uns, wer Sie sind.\t\t\t\t\t\t<\/div>\n\t\t\t\t<\/div>\n\t\t\t\t<div class=\"elementor-element elementor-element-5022110 elementor-widget elementor-widget-heading\" data-id=\"5022110\" data-element_type=\"widget\" data-widget_type=\"heading.default\">\n\t\t\t\t<div class=\"elementor-widget-container\">\n\t\t\t<h3 class=\"elementor-heading-title elementor-size-default\">Gew\u00e4hrleistung der Informationen<\/h3>\t\t<\/div>\n\t\t\t\t<\/div>\n\t\t\t\t<div class=\"elementor-element elementor-element-42946b8 elementor-widget elementor-widget-text-editor\" data-id=\"42946b8\" data-element_type=\"widget\" data-settings=\"{&quot;_animation&quot;:&quot;none&quot;,&quot;_animation_delay&quot;:1000}\" data-widget_type=\"text-editor.default\">\n\t\t\t\t<div class=\"elementor-widget-container\">\n\t\t\t\t\t\t\tDie Informationen auf unseren Internetseiten werden mit gr\u00f6\u00dfter Sorgfalt erstellt. Kniezentrum Dr. Wolfgang Marth \u00fcbernimmt jedoch keine Gew\u00e4hr f\u00fcr deren Vollst\u00e4ndigkeit oder Geeignetheit f\u00fcr bestimmte Verwendungszwecke. Die Nutzung der auf den Internetseiten zur Verf\u00fcgung gestellten Inhalte erfolgt auf alleinige Gefahr des Nutzers.\t\t\t\t\t\t<\/div>\n\t\t\t\t<\/div>\n\t\t\t\t\t<\/div>\n\t\t<\/div>\n\t\t\t\t\t\t\t<\/div>\n\t\t<\/section>\n\t\t\t\t\t\t\t<\/div>\n\t\t","protected":false},"excerpt":{"rendered":"<p>Rechtliche Hinweise Folgende, nachstehende Hinweise zur Benutzung der Website akzeptieren Sie vorbehaltlos, wenn Sie den Webauftritt von Kniezentrum Dr. Wolfgang Marth besuchen. Nutzungsbedin\u00adgungen der Website Alle Inhalte unserer Homepage sind urheberrechtlich gesch\u00fctzt. Wir gestatten ausdr\u00fccklich die Nutzung aller Daten f\u00fcr den privaten, nicht kommerziellen Gebrauch. Bei Vervielf\u00e4ltigung ist auf die Urheber- und Eigentumsrechte von Kniezentrum &hellip;<\/p>\n<p class=\"read-more\"> <a class=\"\" href=\"https:\/\/www.kniezentrum.at\/de\/nutzungsbedingungen\/\"> <span class=\"screen-reader-text\">Nutzungsbedingungen<\/span> Weiterlesen &raquo;<\/a><\/p>\n","protected":false},"author":2,"featured_media":0,"parent":0,"menu_order":0,"comment_status":"closed","ping_status":"closed","template":"","meta":{"site-sidebar-layout":"no-sidebar","site-content-layout":"page-builder","ast-main-header-display":"","ast-hfb-above-header-display":"","ast-hfb-below-header-display":"","ast-hfb-mobile-header-display":"","site-post-title":"disabled","ast-breadcrumbs-content":"","ast-featured-img":"disabled","footer-sml-layout":"","theme-transparent-header-meta":"","adv-header-id-meta":"","stick-header-meta":"","header-above-stick-meta":"","header-main-stick-meta":"","header-below-stick-meta":"","footnotes":""},"class_list":["post-39","page","type-page","status-publish","hentry"],"yoast_head":"<!-- This site is optimized with the Yoast SEO plugin v18.4.1 - https:\/\/yoast.com\/wordpress\/plugins\/seo\/ -->\n<title>Nutzungsbedingungen - Kniezentrum Dr. Wolfgang Marth Salzburg<\/title>\n<meta name=\"robots\" content=\"index, follow, max-snippet:-1, max-image-preview:large, max-video-preview:-1\" \/>\n<link rel=\"canonical\" href=\"https:\/\/www.kniezentrum.at\/de\/nutzungsbedingungen\/\" \/>\n<meta property=\"og:locale\" content=\"de_DE\" \/>\n<meta property=\"og:type\" content=\"article\" \/>\n<meta property=\"og:title\" content=\"Nutzungsbedingungen - Kniezentrum Dr. Wolfgang Marth Salzburg\" \/>\n<meta property=\"og:description\" content=\"Rechtliche Hinweise Folgende, nachstehende Hinweise zur Benutzung der Website akzeptieren Sie vorbehaltlos, wenn Sie den Webauftritt von Kniezentrum Dr. Wolfgang Marth besuchen. Nutzungsbedin\u00adgungen der Website Alle Inhalte unserer Homepage sind urheberrechtlich gesch\u00fctzt. Wir gestatten ausdr\u00fccklich die Nutzung aller Daten f\u00fcr den privaten, nicht kommerziellen Gebrauch. Bei Vervielf\u00e4ltigung ist auf die Urheber- und Eigentumsrechte von Kniezentrum &hellip; Nutzungsbedingungen Weiterlesen &raquo;\" \/>\n<meta property=\"og:url\" content=\"https:\/\/www.kniezentrum.at\/de\/nutzungsbedingungen\/\" \/>\n<meta property=\"og:site_name\" content=\"Kniezentrum Dr. Wolfgang Marth Salzburg\" \/>\n<meta property=\"article:modified_time\" content=\"2022-03-28T11:59:24+00:00\" \/>\n<meta name=\"twitter:card\" content=\"summary_large_image\" \/>\n<meta name=\"twitter:label1\" content=\"Gesch\u00e4tzte Lesezeit\" \/>\n\t<meta name=\"twitter:data1\" content=\"2\u00a0Minuten\" \/>\n<script type=\"application\/ld+json\" class=\"yoast-schema-graph\">{\"@context\":\"https:\/\/schema.org\",\"@graph\":[{\"@type\":\"WebSite\",\"@id\":\"https:\/\/www.kniezentrum.at\/de\/#website\",\"url\":\"https:\/\/www.kniezentrum.at\/de\/\",\"name\":\"Kniezentrum Dr. Wolfgang Marth Salzburg\",\"description\":\"\",\"potentialAction\":[{\"@type\":\"SearchAction\",\"target\":{\"@type\":\"EntryPoint\",\"urlTemplate\":\"https:\/\/www.kniezentrum.at\/de\/?s={search_term_string}\"},\"query-input\":\"required name=search_term_string\"}],\"inLanguage\":\"de\"},{\"@type\":\"WebPage\",\"@id\":\"https:\/\/www.kniezentrum.at\/de\/nutzungsbedingungen\/#webpage\",\"url\":\"https:\/\/www.kniezentrum.at\/de\/nutzungsbedingungen\/\",\"name\":\"Nutzungsbedingungen - Kniezentrum Dr. Wolfgang Marth Salzburg\",\"isPartOf\":{\"@id\":\"https:\/\/www.kniezentrum.at\/de\/#website\"},\"datePublished\":\"2022-03-08T07:31:30+00:00\",\"dateModified\":\"2022-03-28T11:59:24+00:00\",\"breadcrumb\":{\"@id\":\"https:\/\/www.kniezentrum.at\/de\/nutzungsbedingungen\/#breadcrumb\"},\"inLanguage\":\"de\",\"potentialAction\":[{\"@type\":\"ReadAction\",\"target\":[\"https:\/\/www.kniezentrum.at\/de\/nutzungsbedingungen\/\"]}]},{\"@type\":\"BreadcrumbList\",\"@id\":\"https:\/\/www.kniezentrum.at\/de\/nutzungsbedingungen\/#breadcrumb\",\"itemListElement\":[{\"@type\":\"ListItem\",\"position\":1,\"name\":\"Startseite\",\"item\":\"https:\/\/www.kniezentrum.at\/de\/\"},{\"@type\":\"ListItem\",\"position\":2,\"name\":\"Nutzungsbedingungen\"}]}]}<\/script>\n<!-- \/ Yoast SEO plugin. -->","yoast_head_json":{"title":"Nutzungsbedingungen - Kniezentrum Dr. Wolfgang Marth Salzburg","robots":{"index":"index","follow":"follow","max-snippet":"max-snippet:-1","max-image-preview":"max-image-preview:large","max-video-preview":"max-video-preview:-1"},"canonical":"https:\/\/www.kniezentrum.at\/de\/nutzungsbedingungen\/","og_locale":"de_DE","og_type":"article","og_title":"Nutzungsbedingungen - Kniezentrum Dr. Wolfgang Marth Salzburg","og_description":"Rechtliche Hinweise Folgende, nachstehende Hinweise zur Benutzung der Website akzeptieren Sie vorbehaltlos, wenn Sie den Webauftritt von Kniezentrum Dr. Wolfgang Marth besuchen. Nutzungsbedin\u00adgungen der Website Alle Inhalte unserer Homepage sind urheberrechtlich gesch\u00fctzt. Wir gestatten ausdr\u00fccklich die Nutzung aller Daten f\u00fcr den privaten, nicht kommerziellen Gebrauch. Bei Vervielf\u00e4ltigung ist auf die Urheber- und Eigentumsrechte von Kniezentrum &hellip; Nutzungsbedingungen Weiterlesen &raquo;","og_url":"https:\/\/www.kniezentrum.at\/de\/nutzungsbedingungen\/","og_site_name":"Kniezentrum Dr. Wolfgang Marth Salzburg","article_modified_time":"2022-03-28T11:59:24+00:00","twitter_card":"summary_large_image","twitter_misc":{"Gesch\u00e4tzte Lesezeit":"2\u00a0Minuten"},"schema":{"@context":"https:\/\/schema.org","@graph":[{"@type":"WebSite","@id":"https:\/\/www.kniezentrum.at\/de\/#website","url":"https:\/\/www.kniezentrum.at\/de\/","name":"Kniezentrum Dr. Wolfgang Marth Salzburg","description":"","potentialAction":[{"@type":"SearchAction","target":{"@type":"EntryPoint","urlTemplate":"https:\/\/www.kniezentrum.at\/de\/?s={search_term_string}"},"query-input":"required name=search_term_string"}],"inLanguage":"de"},{"@type":"WebPage","@id":"https:\/\/www.kniezentrum.at\/de\/nutzungsbedingungen\/#webpage","url":"https:\/\/www.kniezentrum.at\/de\/nutzungsbedingungen\/","name":"Nutzungsbedingungen - Kniezentrum Dr. Wolfgang Marth Salzburg","isPartOf":{"@id":"https:\/\/www.kniezentrum.at\/de\/#website"},"datePublished":"2022-03-08T07:31:30+00:00","dateModified":"2022-03-28T11:59:24+00:00","breadcrumb":{"@id":"https:\/\/www.kniezentrum.at\/de\/nutzungsbedingungen\/#breadcrumb"},"inLanguage":"de","potentialAction":[{"@type":"ReadAction","target":["https:\/\/www.kniezentrum.at\/de\/nutzungsbedingungen\/"]}]},{"@type":"BreadcrumbList","@id":"https:\/\/www.kniezentrum.at\/de\/nutzungsbedingungen\/#breadcrumb","itemListElement":[{"@type":"ListItem","position":1,"name":"Startseite","item":"https:\/\/www.kniezentrum.at\/de\/"},{"@type":"ListItem","position":2,"name":"Nutzungsbedingungen"}]}]}},"_links":{"self":[{"href":"https:\/\/www.kniezentrum.at\/de\/wp-json\/wp\/v2\/pages\/39","targetHints":{"allow":["GET"]}}],"collection":[{"href":"https:\/\/www.kniezentrum.at\/de\/wp-json\/wp\/v2\/pages"}],"about":[{"href":"https:\/\/www.kniezentrum.at\/de\/wp-json\/wp\/v2\/types\/page"}],"author":[{"embeddable":true,"href":"https:\/\/www.kniezentrum.at\/de\/wp-json\/wp\/v2\/users\/2"}],"replies":[{"embeddable":true,"href":"https:\/\/www.kniezentrum.at\/de\/wp-json\/wp\/v2\/comments?post=39"}],"version-history":[{"count":22,"href":"https:\/\/www.kniezentrum.at\/de\/wp-json\/wp\/v2\/pages\/39\/revisions"}],"predecessor-version":[{"id":1301,"href":"https:\/\/www.kniezentrum.at\/de\/wp-json\/wp\/v2\/pages\/39\/revisions\/1301"}],"wp:attachment":[{"href":"https:\/\/www.kniezentrum.at\/de\/wp-json\/wp\/v2\/media?parent=39"}],"curies":[{"name":"wp","href":"https:\/\/api.w.org\/{rel}","templated":true}]}}