{"id":38,"date":"2022-03-08T07:31:20","date_gmt":"2022-03-08T07:31:20","guid":{"rendered":"https:\/\/www.kniezentrum.at\/de\/?page_id=38"},"modified":"2024-08-03T07:22:21","modified_gmt":"2024-08-03T07:22:21","slug":"impressum","status":"publish","type":"page","link":"https:\/\/www.kniezentrum.at\/de\/impressum\/","title":{"rendered":"Impressum"},"content":{"rendered":"\t\t<div data-elementor-type=\"wp-page\" data-elementor-id=\"38\" class=\"elementor elementor-38\">\n\t\t\t\t\t\t\t\t\t<section data-particle_enable=\"false\" data-particle-mobile-disabled=\"false\" class=\"elementor-section elementor-top-section elementor-element elementor-element-be37794 elementor-section-boxed elementor-section-height-default elementor-section-height-default\" data-id=\"be37794\" data-element_type=\"section\" data-settings=\"{&quot;background_background&quot;:&quot;classic&quot;}\">\n\t\t\t\t\t\t<div class=\"elementor-container elementor-column-gap-default\">\n\t\t\t\t\t<div class=\"elementor-column elementor-col-100 elementor-top-column elementor-element elementor-element-88d3e2e\" data-id=\"88d3e2e\" data-element_type=\"column\">\n\t\t\t<div class=\"elementor-widget-wrap elementor-element-populated\">\n\t\t\t\t\t\t\t\t<section data-particle_enable=\"false\" data-particle-mobile-disabled=\"false\" class=\"elementor-section elementor-inner-section elementor-element elementor-element-0cd7ab4 animated-slow elementor-section-boxed elementor-section-height-default elementor-section-height-default elementor-invisible\" data-id=\"0cd7ab4\" data-element_type=\"section\" data-settings=\"{&quot;animation&quot;:&quot;fadeInUp&quot;,&quot;animation_delay&quot;:1000}\">\n\t\t\t\t\t\t<div class=\"elementor-container elementor-column-gap-default\">\n\t\t\t\t\t<div class=\"elementor-column elementor-col-100 elementor-inner-column elementor-element elementor-element-81a269e\" data-id=\"81a269e\" data-element_type=\"column\">\n\t\t\t<div class=\"elementor-widget-wrap elementor-element-populated\">\n\t\t\t\t\t\t\t\t<div class=\"elementor-element elementor-element-4088396 elementor-widget elementor-widget-text-editor\" data-id=\"4088396\" data-element_type=\"widget\" data-settings=\"{&quot;_animation&quot;:&quot;none&quot;,&quot;_animation_delay&quot;:1000}\" data-widget_type=\"text-editor.default\">\n\t\t\t\t<div class=\"elementor-widget-container\">\n\t\t\t<style>\/*! elementor - v3.6.1 - 23-03-2022 *\/\n.elementor-widget-text-editor.elementor-drop-cap-view-stacked .elementor-drop-cap{background-color:#818a91;color:#fff}.elementor-widget-text-editor.elementor-drop-cap-view-framed .elementor-drop-cap{color:#818a91;border:3px solid;background-color:transparent}.elementor-widget-text-editor:not(.elementor-drop-cap-view-default) .elementor-drop-cap{margin-top:8px}.elementor-widget-text-editor:not(.elementor-drop-cap-view-default) .elementor-drop-cap-letter{width:1em;height:1em}.elementor-widget-text-editor .elementor-drop-cap{float:left;text-align:center;line-height:1;font-size:50px}.elementor-widget-text-editor .elementor-drop-cap-letter{display:inline-block}<\/style>\t\t\t\t<p><strong>F\u00fcr den Inhalt verantwortlich, Bildrechte &amp; Copyright:<\/strong><br \/>Kniezentrum Primarius Dr. Wolfgang Marth<br \/>Guggenbichlerstra\u00dfe 20 | 5026 Salzburg | Austria<br \/>Tel. <a href=\"tel:+43 662 6385 270\">+43 662 6385 270<\/a><br \/>Mobil <a href=\"tel:+43 664-54 28 700\">+43 664-54 28 700<\/a><br \/><a href=\"mailto:office@kniezentrum.at\">office(at)kniezentrum.at<\/a><\/p><p>Zust\u00e4ndige Beh\u00f6rde: \u00c4rzte Kammer Salzburg<br \/>UID: ATU 12345667<\/p><p><strong>Konzeption:<\/strong><br \/>Chrisabel Prischl<br \/>Migazziplatz 5 | A-1120 Vienna | Austria<br \/>Web: <a href=\"https:\/\/www.webmeisterin.com\" target=\"_blank\" rel=\"noopener\">www.webmeisterin.com<\/a><\/p><p><strong>Programmierung:<\/strong><br \/>Stefan Nie\u00dfner<br \/>Clemens-Krauss-Stra\u00dfe 19\/36 | A-5020 Salzburg | Austria<br \/>Web: <a href=\"https:\/\/www.stefanniessner.at\" target=\"_blank\" rel=\"noopener\">www.stefanniessner.at<\/a><\/p>\t\t\t\t\t\t<\/div>\n\t\t\t\t<\/div>\n\t\t\t\t\t<\/div>\n\t\t<\/div>\n\t\t\t\t\t\t\t<\/div>\n\t\t<\/section>\n\t\t\t\t\t<\/div>\n\t\t<\/div>\n\t\t\t\t\t\t\t<\/div>\n\t\t<\/section>\n\t\t\t\t\t\t\t<\/div>\n\t\t","protected":false},"excerpt":{"rendered":"<p>F\u00fcr den Inhalt verantwortlich, Bildrechte &amp; Copyright:Kniezentrum Primarius Dr. Wolfgang MarthGuggenbichlerstra\u00dfe 20 | 5026 Salzburg | AustriaTel. +43 662 6385 270Mobil +43 664-54 28 700office(at)kniezentrum.at Zust\u00e4ndige Beh\u00f6rde: \u00c4rzte Kammer SalzburgUID: ATU 12345667 Konzeption:Chrisabel PrischlMigazziplatz 5 | A-1120 Vienna | AustriaWeb: www.webmeisterin.com Programmierung:Stefan Nie\u00dfnerClemens-Krauss-Stra\u00dfe 19\/36 | A-5020 Salzburg | AustriaWeb: www.stefanniessner.at<\/p>\n","protected":false},"author":2,"featured_media":0,"parent":0,"menu_order":0,"comment_status":"closed","ping_status":"closed","template":"","meta":{"site-sidebar-layout":"no-sidebar","site-content-layout":"page-builder","ast-main-header-display":"","ast-hfb-above-header-display":"","ast-hfb-below-header-display":"","ast-hfb-mobile-header-display":"","site-post-title":"disabled","ast-breadcrumbs-content":"","ast-featured-img":"disabled","footer-sml-layout":"","theme-transparent-header-meta":"","adv-header-id-meta":"","stick-header-meta":"","header-above-stick-meta":"","header-main-stick-meta":"","header-below-stick-meta":"","footnotes":""},"class_list":["post-38","page","type-page","status-publish","hentry"],"yoast_head":"<!-- This site is optimized with the Yoast SEO plugin v18.4.1 - https:\/\/yoast.com\/wordpress\/plugins\/seo\/ -->\n<title>Impressum - Kniezentrum Dr. Wolfgang Marth Salzburg<\/title>\n<meta name=\"robots\" content=\"index, follow, max-snippet:-1, max-image-preview:large, max-video-preview:-1\" \/>\n<link rel=\"canonical\" href=\"https:\/\/www.kniezentrum.at\/de\/impressum\/\" \/>\n<meta property=\"og:locale\" content=\"de_DE\" \/>\n<meta property=\"og:type\" content=\"article\" \/>\n<meta property=\"og:title\" content=\"Impressum - Kniezentrum Dr. Wolfgang Marth Salzburg\" \/>\n<meta property=\"og:description\" content=\"F\u00fcr den Inhalt verantwortlich, Bildrechte &amp; Copyright:Kniezentrum Primarius Dr. Wolfgang MarthGuggenbichlerstra\u00dfe 20 | 5026 Salzburg | AustriaTel. +43 662 6385 270Mobil +43 664-54 28 700office(at)kniezentrum.at Zust\u00e4ndige Beh\u00f6rde: \u00c4rzte Kammer SalzburgUID: ATU 12345667 Konzeption:Chrisabel PrischlMigazziplatz 5 | A-1120 Vienna | AustriaWeb: www.webmeisterin.com Programmierung:Stefan Nie\u00dfnerClemens-Krauss-Stra\u00dfe 19\/36 | A-5020 Salzburg | AustriaWeb: www.stefanniessner.at\" \/>\n<meta property=\"og:url\" content=\"https:\/\/www.kniezentrum.at\/de\/impressum\/\" \/>\n<meta property=\"og:site_name\" content=\"Kniezentrum Dr. Wolfgang Marth Salzburg\" \/>\n<meta property=\"article:modified_time\" content=\"2024-08-03T07:22:21+00:00\" \/>\n<meta name=\"twitter:card\" content=\"summary_large_image\" \/>\n<meta name=\"twitter:label1\" content=\"Gesch\u00e4tzte Lesezeit\" \/>\n\t<meta name=\"twitter:data1\" content=\"1\u00a0Minute\" \/>\n<script type=\"application\/ld+json\" class=\"yoast-schema-graph\">{\"@context\":\"https:\/\/schema.org\",\"@graph\":[{\"@type\":\"WebSite\",\"@id\":\"https:\/\/www.kniezentrum.at\/de\/#website\",\"url\":\"https:\/\/www.kniezentrum.at\/de\/\",\"name\":\"Kniezentrum Dr. Wolfgang Marth Salzburg\",\"description\":\"\",\"potentialAction\":[{\"@type\":\"SearchAction\",\"target\":{\"@type\":\"EntryPoint\",\"urlTemplate\":\"https:\/\/www.kniezentrum.at\/de\/?s={search_term_string}\"},\"query-input\":\"required name=search_term_string\"}],\"inLanguage\":\"de\"},{\"@type\":\"WebPage\",\"@id\":\"https:\/\/www.kniezentrum.at\/de\/impressum\/#webpage\",\"url\":\"https:\/\/www.kniezentrum.at\/de\/impressum\/\",\"name\":\"Impressum - Kniezentrum Dr. Wolfgang Marth Salzburg\",\"isPartOf\":{\"@id\":\"https:\/\/www.kniezentrum.at\/de\/#website\"},\"datePublished\":\"2022-03-08T07:31:20+00:00\",\"dateModified\":\"2024-08-03T07:22:21+00:00\",\"breadcrumb\":{\"@id\":\"https:\/\/www.kniezentrum.at\/de\/impressum\/#breadcrumb\"},\"inLanguage\":\"de\",\"potentialAction\":[{\"@type\":\"ReadAction\",\"target\":[\"https:\/\/www.kniezentrum.at\/de\/impressum\/\"]}]},{\"@type\":\"BreadcrumbList\",\"@id\":\"https:\/\/www.kniezentrum.at\/de\/impressum\/#breadcrumb\",\"itemListElement\":[{\"@type\":\"ListItem\",\"position\":1,\"name\":\"Startseite\",\"item\":\"https:\/\/www.kniezentrum.at\/de\/\"},{\"@type\":\"ListItem\",\"position\":2,\"name\":\"Impressum\"}]}]}<\/script>\n<!-- \/ Yoast SEO plugin. -->","yoast_head_json":{"title":"Impressum - Kniezentrum Dr. Wolfgang Marth Salzburg","robots":{"index":"index","follow":"follow","max-snippet":"max-snippet:-1","max-image-preview":"max-image-preview:large","max-video-preview":"max-video-preview:-1"},"canonical":"https:\/\/www.kniezentrum.at\/de\/impressum\/","og_locale":"de_DE","og_type":"article","og_title":"Impressum - Kniezentrum Dr. Wolfgang Marth Salzburg","og_description":"F\u00fcr den Inhalt verantwortlich, Bildrechte &amp; Copyright:Kniezentrum Primarius Dr. Wolfgang MarthGuggenbichlerstra\u00dfe 20 | 5026 Salzburg | AustriaTel. +43 662 6385 270Mobil +43 664-54 28 700office(at)kniezentrum.at Zust\u00e4ndige Beh\u00f6rde: \u00c4rzte Kammer SalzburgUID: ATU 12345667 Konzeption:Chrisabel PrischlMigazziplatz 5 | A-1120 Vienna | AustriaWeb: www.webmeisterin.com Programmierung:Stefan Nie\u00dfnerClemens-Krauss-Stra\u00dfe 19\/36 | A-5020 Salzburg | AustriaWeb: www.stefanniessner.at","og_url":"https:\/\/www.kniezentrum.at\/de\/impressum\/","og_site_name":"Kniezentrum Dr. Wolfgang Marth Salzburg","article_modified_time":"2024-08-03T07:22:21+00:00","twitter_card":"summary_large_image","twitter_misc":{"Gesch\u00e4tzte Lesezeit":"1\u00a0Minute"},"schema":{"@context":"https:\/\/schema.org","@graph":[{"@type":"WebSite","@id":"https:\/\/www.kniezentrum.at\/de\/#website","url":"https:\/\/www.kniezentrum.at\/de\/","name":"Kniezentrum Dr. Wolfgang Marth Salzburg","description":"","potentialAction":[{"@type":"SearchAction","target":{"@type":"EntryPoint","urlTemplate":"https:\/\/www.kniezentrum.at\/de\/?s={search_term_string}"},"query-input":"required name=search_term_string"}],"inLanguage":"de"},{"@type":"WebPage","@id":"https:\/\/www.kniezentrum.at\/de\/impressum\/#webpage","url":"https:\/\/www.kniezentrum.at\/de\/impressum\/","name":"Impressum - Kniezentrum Dr. Wolfgang Marth Salzburg","isPartOf":{"@id":"https:\/\/www.kniezentrum.at\/de\/#website"},"datePublished":"2022-03-08T07:31:20+00:00","dateModified":"2024-08-03T07:22:21+00:00","breadcrumb":{"@id":"https:\/\/www.kniezentrum.at\/de\/impressum\/#breadcrumb"},"inLanguage":"de","potentialAction":[{"@type":"ReadAction","target":["https:\/\/www.kniezentrum.at\/de\/impressum\/"]}]},{"@type":"BreadcrumbList","@id":"https:\/\/www.kniezentrum.at\/de\/impressum\/#breadcrumb","itemListElement":[{"@type":"ListItem","position":1,"name":"Startseite","item":"https:\/\/www.kniezentrum.at\/de\/"},{"@type":"ListItem","position":2,"name":"Impressum"}]}]}},"_links":{"self":[{"href":"https:\/\/www.kniezentrum.at\/de\/wp-json\/wp\/v2\/pages\/38","targetHints":{"allow":["GET"]}}],"collection":[{"href":"https:\/\/www.kniezentrum.at\/de\/wp-json\/wp\/v2\/pages"}],"about":[{"href":"https:\/\/www.kniezentrum.at\/de\/wp-json\/wp\/v2\/types\/page"}],"author":[{"embeddable":true,"href":"https:\/\/www.kniezentrum.at\/de\/wp-json\/wp\/v2\/users\/2"}],"replies":[{"embeddable":true,"href":"https:\/\/www.kniezentrum.at\/de\/wp-json\/wp\/v2\/comments?post=38"}],"version-history":[{"count":22,"href":"https:\/\/www.kniezentrum.at\/de\/wp-json\/wp\/v2\/pages\/38\/revisions"}],"predecessor-version":[{"id":1450,"href":"https:\/\/www.kniezentrum.at\/de\/wp-json\/wp\/v2\/pages\/38\/revisions\/1450"}],"wp:attachment":[{"href":"https:\/\/www.kniezentrum.at\/de\/wp-json\/wp\/v2\/media?parent=38"}],"curies":[{"name":"wp","href":"https:\/\/api.w.org\/{rel}","templated":true}]}}