{"id":36,"date":"2022-03-08T07:31:06","date_gmt":"2022-03-08T07:31:06","guid":{"rendered":"https:\/\/www.kniezentrum.at\/de\/?page_id=36"},"modified":"2024-10-08T18:44:34","modified_gmt":"2024-10-08T18:44:34","slug":"leistungen","status":"publish","type":"page","link":"https:\/\/www.kniezentrum.at\/de\/leistungen\/","title":{"rendered":"Leistungen"},"content":{"rendered":"\t\t<div data-elementor-type=\"wp-page\" data-elementor-id=\"36\" class=\"elementor elementor-36\">\n\t\t\t\t\t\t\t\t\t<section data-particle_enable=\"false\" data-particle-mobile-disabled=\"false\" class=\"elementor-section elementor-top-section elementor-element elementor-element-d6e6a01 elementor-section-height-min-height elementor-section-boxed elementor-section-height-default elementor-section-items-middle\" data-id=\"d6e6a01\" data-element_type=\"section\" data-settings=\"{&quot;background_background&quot;:&quot;classic&quot;}\">\n\t\t\t\t\t\t<div class=\"elementor-container elementor-column-gap-default\">\n\t\t\t\t\t<div class=\"elementor-column elementor-col-100 elementor-top-column elementor-element elementor-element-6670d7a elementor-hidden-tablet elementor-hidden-mobile\" data-id=\"6670d7a\" data-element_type=\"column\" data-settings=\"{&quot;background_background&quot;:&quot;classic&quot;}\">\n\t\t\t<div class=\"elementor-widget-wrap elementor-element-populated\">\n\t\t\t\t\t\t\t\t<div class=\"elementor-element elementor-element-1877fd7 animated-slow elementor-invisible elementor-widget elementor-widget-heading\" data-id=\"1877fd7\" data-element_type=\"widget\" data-settings=\"{&quot;_animation&quot;:&quot;fadeInUp&quot;,&quot;_animation_delay&quot;:1000}\" data-widget_type=\"heading.default\">\n\t\t\t\t<div class=\"elementor-widget-container\">\n\t\t\t<style>\/*! elementor - v3.6.1 - 23-03-2022 *\/\n.elementor-heading-title{padding:0;margin:0;line-height:1}.elementor-widget-heading .elementor-heading-title[class*=elementor-size-]>a{color:inherit;font-size:inherit;line-height:inherit}.elementor-widget-heading .elementor-heading-title.elementor-size-small{font-size:15px}.elementor-widget-heading .elementor-heading-title.elementor-size-medium{font-size:19px}.elementor-widget-heading .elementor-heading-title.elementor-size-large{font-size:29px}.elementor-widget-heading .elementor-heading-title.elementor-size-xl{font-size:39px}.elementor-widget-heading .elementor-heading-title.elementor-size-xxl{font-size:59px}<\/style><h2 class=\"elementor-heading-title elementor-size-default\">Service aus einer Hand<\/h2>\t\t<\/div>\n\t\t\t\t<\/div>\n\t\t\t\t\t<\/div>\n\t\t<\/div>\n\t\t\t\t\t\t\t<\/div>\n\t\t<\/section>\n\t\t\t\t<section data-particle_enable=\"false\" data-particle-mobile-disabled=\"false\" class=\"elementor-section elementor-top-section elementor-element elementor-element-382c886 elementor-hidden-widescreen elementor-hidden-desktop elementor-section-boxed elementor-section-height-default elementor-section-height-default\" data-id=\"382c886\" data-element_type=\"section\">\n\t\t\t\t\t\t<div class=\"elementor-container elementor-column-gap-default\">\n\t\t\t\t\t<div class=\"elementor-column elementor-col-100 elementor-top-column elementor-element elementor-element-62165f4\" data-id=\"62165f4\" data-element_type=\"column\">\n\t\t\t<div class=\"elementor-widget-wrap elementor-element-populated\">\n\t\t\t\t\t\t\t\t<div class=\"elementor-element elementor-element-6c72216 animated-slow elementor-invisible elementor-widget elementor-widget-heading\" data-id=\"6c72216\" data-element_type=\"widget\" data-settings=\"{&quot;_animation&quot;:&quot;fadeInUp&quot;,&quot;_animation_delay&quot;:1000}\" data-widget_type=\"heading.default\">\n\t\t\t\t<div class=\"elementor-widget-container\">\n\t\t\t<h2 class=\"elementor-heading-title elementor-size-default\">Service aus einer Hand<\/h2>\t\t<\/div>\n\t\t\t\t<\/div>\n\t\t\t\t\t<\/div>\n\t\t<\/div>\n\t\t\t\t\t\t\t<\/div>\n\t\t<\/section>\n\t\t\t\t<section data-particle_enable=\"false\" data-particle-mobile-disabled=\"false\" class=\"elementor-section elementor-top-section elementor-element elementor-element-69f4dfc elementor-section-boxed elementor-section-height-default elementor-section-height-default\" data-id=\"69f4dfc\" data-element_type=\"section\">\n\t\t\t\t\t\t<div class=\"elementor-container elementor-column-gap-default\">\n\t\t\t\t\t<div class=\"elementor-column elementor-col-33 elementor-top-column elementor-element elementor-element-e8295c9 read-more-column animated-slow elementor-invisible\" data-id=\"e8295c9\" data-element_type=\"column\" data-settings=\"{&quot;animation&quot;:&quot;fadeInUp&quot;,&quot;animation_delay&quot;:500}\">\n\t\t\t<div class=\"elementor-widget-wrap elementor-element-populated\">\n\t\t\t\t\t\t\t\t<div class=\"elementor-element elementor-element-5be5ead elementor-widget elementor-widget-image\" data-id=\"5be5ead\" data-element_type=\"widget\" data-widget_type=\"image.default\">\n\t\t\t\t<div class=\"elementor-widget-container\">\n\t\t\t<style>\/*! elementor - v3.6.1 - 23-03-2022 *\/\n.elementor-widget-image{text-align:center}.elementor-widget-image a{display:inline-block}.elementor-widget-image a img[src$=\".svg\"]{width:48px}.elementor-widget-image img{vertical-align:middle;display:inline-block}<\/style>\t\t\t\t\t\t\t\t\t\t\t\t<img decoding=\"async\" src=\"https:\/\/www.kniezentrum.at\/de\/wp-content\/uploads\/elementor\/thumbs\/csm_kommunikation_4bb759ec1f-qs1yrxecs7ys8ozobmpgns6oeu1ifg9h5ub2c8fmcu.png\" title=\"Beratung &#038; Aufkl\u00e4rung\" alt=\"Beratung &amp; Aufkl\u00e4rung\" \/>\t\t\t\t\t\t\t\t\t\t\t\t\t\t\t<\/div>\n\t\t\t\t<\/div>\n\t\t\t\t<div class=\"elementor-element elementor-element-b978a16 elementor-widget elementor-widget-heading\" data-id=\"b978a16\" data-element_type=\"widget\" data-widget_type=\"heading.default\">\n\t\t\t\t<div class=\"elementor-widget-container\">\n\t\t\t<h3 class=\"elementor-heading-title elementor-size-default\">Beratung & Aufkl\u00e4rung<\/h3>\t\t<\/div>\n\t\t\t\t<\/div>\n\t\t\t\t<div class=\"elementor-element elementor-element-87be50d leistungspektrum-info elementor-widget elementor-widget-text-editor\" data-id=\"87be50d\" data-element_type=\"widget\" data-widget_type=\"text-editor.default\">\n\t\t\t\t<div class=\"elementor-widget-container\">\n\t\t\t<style>\/*! elementor - v3.6.1 - 23-03-2022 *\/\n.elementor-widget-text-editor.elementor-drop-cap-view-stacked .elementor-drop-cap{background-color:#818a91;color:#fff}.elementor-widget-text-editor.elementor-drop-cap-view-framed .elementor-drop-cap{color:#818a91;border:3px solid;background-color:transparent}.elementor-widget-text-editor:not(.elementor-drop-cap-view-default) .elementor-drop-cap{margin-top:8px}.elementor-widget-text-editor:not(.elementor-drop-cap-view-default) .elementor-drop-cap-letter{width:1em;height:1em}.elementor-widget-text-editor .elementor-drop-cap{float:left;text-align:center;line-height:1;font-size:50px}.elementor-widget-text-editor .elementor-drop-cap-letter{display:inline-block}<\/style>\t\t\t\t<p>Dr. Marth ist spezialisiert auf alle Probleme rund um das Knie, und begleitet sie durch alle Phasen der Behandlung.<\/p>\t\t\t\t\t\t<\/div>\n\t\t\t\t<\/div>\n\t\t\t\t<div class=\"elementor-element elementor-element-6794686 elementor-widget elementor-widget-ucaddon_toggle_beratung_button\" data-id=\"6794686\" data-element_type=\"widget\" data-widget_type=\"ucaddon_toggle_beratung_button.default\">\n\t\t\t\t<div class=\"elementor-widget-container\">\n\t\t\t<!-- start Beratung Text Button -->\n\t\t\t<style type=\"text\/css\">\/* widget: Beratung Text Button *\/\n\n#uc_toggle_beratung_button_elementor10111 .read_more\n{\n  display:inline-block;\n  text-decoration:none;\n  font-size:15px;\n  color:white;\n  border-radius:30pxpx;\n  transition:0.3s;\n  text-transform: uppercase;\n  font-family: 'P22 Johnston Underground W00 Bold';\nfont-style: normal;\nfont-weight: bold;\n  \n\n}\n\n<\/style>\n\n\t\t\t<div id=\"uc_toggle_beratung_button_elementor10111\" style=\"text-align:center;\" class=\"toggle_text_button\">\n<p class=\"short_txt\"><\/p>\n<p style=\"display:none;\" class=\"long_txt\"><span  class=\"uc_style_toggle_beratung_button_elementor_long_txt\" style=\"color:#666666;\">Jahrelange Erfahrung und ein breites Netzwerk an Spezialisten machen ihn zu einem kompetenten Ansprechpartner w\u00e4hrend des gesamten Behandlungsablaufs, von der Untersuchung bis hin zur Rehabilitation.<\/span><\/p>\n<div style=\"text-align:center;\">\n<a href=\"javascript:void(0)\" class=\"read_more\">\n  <span class=\"btn_txt_before_click\">Mehr<\/span>\n  <span class=\"btn_txt_after_click\" style=\"display:none;\">Weniger<\/span>\n<\/a>\n<\/div>\n<\/div>\n\t\t\t<!-- end Beratung Text Button -->\t\t<\/div>\n\t\t\t\t<\/div>\n\t\t\t\t\t<\/div>\n\t\t<\/div>\n\t\t\t\t<div class=\"elementor-column elementor-col-33 elementor-top-column elementor-element elementor-element-ed48b7b read-more-column animated-slow elementor-invisible\" data-id=\"ed48b7b\" data-element_type=\"column\" data-settings=\"{&quot;animation&quot;:&quot;fadeInUp&quot;,&quot;animation_delay&quot;:1000}\">\n\t\t\t<div class=\"elementor-widget-wrap elementor-element-populated\">\n\t\t\t\t\t\t\t\t<div class=\"elementor-element elementor-element-2a50de0 elementor-widget elementor-widget-image\" data-id=\"2a50de0\" data-element_type=\"widget\" data-widget_type=\"image.default\">\n\t\t\t\t<div class=\"elementor-widget-container\">\n\t\t\t\t\t\t\t\t\t\t\t\t\t\t\t<img decoding=\"async\" src=\"https:\/\/www.kniezentrum.at\/de\/wp-content\/uploads\/elementor\/thumbs\/csm_24h_3146556ca1-qs1yrxecs7ys8ozobmpgns6oeu1ifg9h5ub2c8fmcu.png\" title=\"Zeitnahe Operation\/Therapie\" alt=\"Zeitnahe Operation\/Therapie\" \/>\t\t\t\t\t\t\t\t\t\t\t\t\t\t\t<\/div>\n\t\t\t\t<\/div>\n\t\t\t\t<div class=\"elementor-element elementor-element-6b73451 elementor-widget elementor-widget-heading\" data-id=\"6b73451\" data-element_type=\"widget\" data-widget_type=\"heading.default\">\n\t\t\t\t<div class=\"elementor-widget-container\">\n\t\t\t<h3 class=\"elementor-heading-title elementor-size-default\">Zeitnahe Operation \/ Therapie<\/h3>\t\t<\/div>\n\t\t\t\t<\/div>\n\t\t\t\t<div class=\"elementor-element elementor-element-bb72b45 leistungspektrum-info elementor-widget elementor-widget-text-editor\" data-id=\"bb72b45\" data-element_type=\"widget\" data-widget_type=\"text-editor.default\">\n\t\t\t\t<div class=\"elementor-widget-container\">\n\t\t\t\t\t\t\t<p>In\u00a0Koopperation mit der <strong><a href=\"http:\/\/www.aufmesser.at\/\" target=\"_blank\" rel=\"noopener\">Sportsklinik\/Unfallstation Dr.\u00a0Aufmesser\u00a0Radstadt<\/a><\/strong> ist vor allem w\u00e4hrend der Wintermonate eine Zeitnahe Diagnostik mittels MRT, CT und R\u00f6ntgen m\u00f6glich.<\/p>\t\t\t\t\t\t<\/div>\n\t\t\t\t<\/div>\n\t\t\t\t<div class=\"elementor-element elementor-element-9c10fd0 elementor-widget elementor-widget-ucaddon_toggle_peration_button\" data-id=\"9c10fd0\" data-element_type=\"widget\" data-widget_type=\"ucaddon_toggle_peration_button.default\">\n\t\t\t\t<div class=\"elementor-widget-container\">\n\t\t\t<!-- start Operation Text Button -->\n\t\t\t<style type=\"text\/css\">\/* widget: Operation Text Button *\/\n\n#uc_toggle_peration_button_elementor21727 .read_more\n{\n  display:inline-block;\n  text-decoration:none;\n  font-size:15px;\n  color:white;\n  border-radius:30pxpx;\n  transition:0.3s;\n  text-transform: uppercase;\n  font-family: 'P22 Johnston Underground W00 Bold';\nfont-style: normal;\nfont-weight: bold;\n}\n\n<\/style>\n\n\t\t\t<div id=\"uc_toggle_peration_button_elementor21727\" style=\"text-align:center;\" class=\"toggle_text_button\">\n<p class=\"short_txt\"><\/p>\n<p style=\"display:none;\" class=\"long_txt\"><span  class=\"uc_style_toggle_peration_button_elementor_long_txt\" style=\"color:#666666;\">Hier k\u00f6nnen auch alle anderen Arten von Sportverletungen rund um die Uhr versorgt werden.\n<br\/>\nTel: +43 6452 7501\n<\/span><\/p>\n<div style=\"text-align:center;\">\n<a href=\"javascript:void(0)\" class=\"read_more\">\n  <span class=\"btn_txt_before_click\">Mehr<\/span>\n  <span class=\"btn_txt_after_click\" style=\"display:none;\">Weniger<\/span>\n<\/a>\n<\/div>\n<\/div>\n\t\t\t<!-- end Operation Text Button -->\t\t<\/div>\n\t\t\t\t<\/div>\n\t\t\t\t\t<\/div>\n\t\t<\/div>\n\t\t\t\t<div class=\"elementor-column elementor-col-33 elementor-top-column elementor-element elementor-element-c0f5916 read-more-column animated-slow elementor-invisible\" data-id=\"c0f5916\" data-element_type=\"column\" data-settings=\"{&quot;animation&quot;:&quot;fadeInUp&quot;,&quot;animation_delay&quot;:1500}\">\n\t\t\t<div class=\"elementor-widget-wrap elementor-element-populated\">\n\t\t\t\t\t\t\t\t<div class=\"elementor-element elementor-element-e4c34cb elementor-widget elementor-widget-image\" data-id=\"e4c34cb\" data-element_type=\"widget\" data-widget_type=\"image.default\">\n\t\t\t\t<div class=\"elementor-widget-container\">\n\t\t\t\t\t\t\t\t\t\t\t\t\t\t\t<img decoding=\"async\" src=\"https:\/\/www.kniezentrum.at\/de\/wp-content\/uploads\/elementor\/thumbs\/csm_step_08cd5cb15c-qs1yrxecs7ys8ozobmpgns6oeu1ifg9h5ub2c8fmcu.png\" title=\"Nachbehandlung\" alt=\"Nachbehandlung\" \/>\t\t\t\t\t\t\t\t\t\t\t\t\t\t\t<\/div>\n\t\t\t\t<\/div>\n\t\t\t\t<div class=\"elementor-element elementor-element-a934c02 elementor-widget elementor-widget-heading\" data-id=\"a934c02\" data-element_type=\"widget\" data-widget_type=\"heading.default\">\n\t\t\t\t<div class=\"elementor-widget-container\">\n\t\t\t<h3 class=\"elementor-heading-title elementor-size-default\">Nachbehandlung<\/h3>\t\t<\/div>\n\t\t\t\t<\/div>\n\t\t\t\t<div class=\"elementor-element elementor-element-3c67a22 leistungspektrum-info elementor-widget elementor-widget-text-editor\" data-id=\"3c67a22\" data-element_type=\"widget\" data-widget_type=\"text-editor.default\">\n\t\t\t\t<div class=\"elementor-widget-container\">\n\t\t\t\t\t\t\tF\u00fcr die Nachbehandlung stehen Ihnen im Raum Salzburg mehrere Physiotherapeuten in direkter Zusammenarbeit mit Dr. Wolfgang Marth zur Verf\u00fcgung.\n\t\t\t\t\t\t<\/div>\n\t\t\t\t<\/div>\n\t\t\t\t<div class=\"elementor-element elementor-element-85aa77b elementor-widget elementor-widget-ucaddon_toggle_nachbehandlung_button\" data-id=\"85aa77b\" data-element_type=\"widget\" data-widget_type=\"ucaddon_toggle_nachbehandlung_button.default\">\n\t\t\t\t<div class=\"elementor-widget-container\">\n\t\t\t<!-- start Beratung Nachbehandlung Button -->\n\t\t\t<style type=\"text\/css\">\/* widget: Beratung Nachbehandlung Button *\/\n\n#uc_toggle_nachbehandlung_button_elementor30466 .read_more\n{\n  display:inline-block;\n  text-decoration:none;\n  font-size:15px;\n  color:white;\n  border-radius:30pxpx;\n  transition:0.3s;\n  text-transform: uppercase;\n  font-family: 'P22 Johnston Underground W00 Bold';\nfont-style: normal;\nfont-weight: bold;\n}\n\n<\/style>\n\n\t\t\t<div id=\"uc_toggle_nachbehandlung_button_elementor30466\" style=\"text-align:center;\" class=\"toggle_text_button\">\n<p class=\"short_txt\"><\/p>\n<p style=\"display:none;\" class=\"long_txt\"><span  class=\"uc_style_toggle_nachbehandlung_button_elementor_long_txt\" style=\"color:#666666;\">Entsprechende Therapeuten k\u00f6nnen wir gerne \u00fcber die Ordination in der Guggenbichlerstr. 20, 5026 Salzburg f\u00fcr Sie organisieren.<\/span><\/p>\n<div style=\"text-align:center;\">\n<a href=\"javascript:void(0)\" class=\"read_more\">\n  <span class=\"btn_txt_before_click\">Mehr<\/span>\n  <span class=\"btn_txt_after_click\" style=\"display:none;\">Weniger<\/span>\n<\/a>\n<\/div>\n<\/div>\n\t\t\t<!-- end Beratung Nachbehandlung Button -->\t\t<\/div>\n\t\t\t\t<\/div>\n\t\t\t\t\t<\/div>\n\t\t<\/div>\n\t\t\t\t\t\t\t<\/div>\n\t\t<\/section>\n\t\t\t\t<section data-particle_enable=\"false\" data-particle-mobile-disabled=\"false\" class=\"elementor-section elementor-top-section elementor-element elementor-element-255217f elementor-section-boxed elementor-section-height-default elementor-section-height-default\" data-id=\"255217f\" data-element_type=\"section\">\n\t\t\t\t\t\t<div class=\"elementor-container elementor-column-gap-default\">\n\t\t\t\t\t<div class=\"elementor-column elementor-col-100 elementor-top-column elementor-element elementor-element-ef73218\" data-id=\"ef73218\" data-element_type=\"column\">\n\t\t\t<div class=\"elementor-widget-wrap elementor-element-populated\">\n\t\t\t\t\t\t\t\t<div class=\"elementor-element elementor-element-c8a7c8b elementor-widget elementor-widget-spacer\" data-id=\"c8a7c8b\" data-element_type=\"widget\" data-widget_type=\"spacer.default\">\n\t\t\t\t<div class=\"elementor-widget-container\">\n\t\t\t<style>\/*! elementor - v3.6.1 - 23-03-2022 *\/\n.e-container.e-container--row .elementor-spacer-inner{width:var(--spacer-size)}.e-container.e-container--column .elementor-spacer-inner,.elementor-column .elementor-spacer-inner{height:var(--spacer-size)}<\/style>\t\t<div class=\"elementor-spacer\">\n\t\t\t<div class=\"elementor-spacer-inner\"><\/div>\n\t\t<\/div>\n\t\t\t\t<\/div>\n\t\t\t\t<\/div>\n\t\t\t\t\t<\/div>\n\t\t<\/div>\n\t\t\t\t\t\t\t<\/div>\n\t\t<\/section>\n\t\t\t\t\t\t\t<\/div>\n\t\t","protected":false},"excerpt":{"rendered":"<p>Service aus einer Hand Service aus einer Hand Beratung &#038; Aufkl\u00e4rung Dr. Marth ist spezialisiert auf alle Probleme rund um das Knie, und begleitet sie durch alle Phasen der Behandlung. Jahrelange Erfahrung und ein breites Netzwerk an Spezialisten machen ihn zu einem kompetenten Ansprechpartner w\u00e4hrend des gesamten Behandlungsablaufs, von der Untersuchung bis hin zur Rehabilitation. &hellip;<\/p>\n<p class=\"read-more\"> <a class=\"\" href=\"https:\/\/www.kniezentrum.at\/de\/leistungen\/\"> <span class=\"screen-reader-text\">Leistungen<\/span> Weiterlesen &raquo;<\/a><\/p>\n","protected":false},"author":2,"featured_media":0,"parent":0,"menu_order":0,"comment_status":"closed","ping_status":"closed","template":"","meta":{"site-sidebar-layout":"no-sidebar","site-content-layout":"page-builder","ast-main-header-display":"","ast-hfb-above-header-display":"","ast-hfb-below-header-display":"","ast-hfb-mobile-header-display":"","site-post-title":"disabled","ast-breadcrumbs-content":"","ast-featured-img":"disabled","footer-sml-layout":"","theme-transparent-header-meta":"","adv-header-id-meta":"","stick-header-meta":"","header-above-stick-meta":"","header-main-stick-meta":"","header-below-stick-meta":"","footnotes":""},"class_list":["post-36","page","type-page","status-publish","hentry"],"yoast_head":"<!-- This site is optimized with the Yoast SEO plugin v18.4.1 - https:\/\/yoast.com\/wordpress\/plugins\/seo\/ -->\n<title>Leistungen - Kniezentrum Dr. Wolfgang Marth Salzburg<\/title>\n<meta name=\"robots\" content=\"index, follow, max-snippet:-1, max-image-preview:large, max-video-preview:-1\" \/>\n<link rel=\"canonical\" href=\"https:\/\/www.kniezentrum.at\/de\/leistungen\/\" \/>\n<meta property=\"og:locale\" content=\"de_DE\" \/>\n<meta property=\"og:type\" content=\"article\" \/>\n<meta property=\"og:title\" content=\"Leistungen - Kniezentrum Dr. Wolfgang Marth Salzburg\" \/>\n<meta property=\"og:description\" content=\"Service aus einer Hand Service aus einer Hand Beratung &#038; Aufkl\u00e4rung Dr. Marth ist spezialisiert auf alle Probleme rund um das Knie, und begleitet sie durch alle Phasen der Behandlung. Jahrelange Erfahrung und ein breites Netzwerk an Spezialisten machen ihn zu einem kompetenten Ansprechpartner w\u00e4hrend des gesamten Behandlungsablaufs, von der Untersuchung bis hin zur Rehabilitation. &hellip; Leistungen Weiterlesen &raquo;\" \/>\n<meta property=\"og:url\" content=\"https:\/\/www.kniezentrum.at\/de\/leistungen\/\" \/>\n<meta property=\"og:site_name\" content=\"Kniezentrum Dr. Wolfgang Marth Salzburg\" \/>\n<meta property=\"article:modified_time\" content=\"2024-10-08T18:44:34+00:00\" \/>\n<meta property=\"og:image\" content=\"https:\/\/www.kniezentrum.at\/de\/wp-content\/uploads\/elementor\/thumbs\/csm_kommunikation_4bb759ec1f-qs1yrxecs7ys8ozobmpgns6oeu1ifg9h5ub2c8fmcu.png\" \/>\n<meta name=\"twitter:card\" content=\"summary_large_image\" \/>\n<meta name=\"twitter:label1\" content=\"Gesch\u00e4tzte Lesezeit\" \/>\n\t<meta name=\"twitter:data1\" content=\"3\u00a0Minuten\" \/>\n<script type=\"application\/ld+json\" class=\"yoast-schema-graph\">{\"@context\":\"https:\/\/schema.org\",\"@graph\":[{\"@type\":\"WebSite\",\"@id\":\"https:\/\/www.kniezentrum.at\/de\/#website\",\"url\":\"https:\/\/www.kniezentrum.at\/de\/\",\"name\":\"Kniezentrum Dr. Wolfgang Marth Salzburg\",\"description\":\"\",\"potentialAction\":[{\"@type\":\"SearchAction\",\"target\":{\"@type\":\"EntryPoint\",\"urlTemplate\":\"https:\/\/www.kniezentrum.at\/de\/?s={search_term_string}\"},\"query-input\":\"required name=search_term_string\"}],\"inLanguage\":\"de\"},{\"@type\":\"ImageObject\",\"@id\":\"https:\/\/www.kniezentrum.at\/de\/leistungen\/#primaryimage\",\"inLanguage\":\"de\",\"url\":\"https:\/\/www.kniezentrum.at\/de\/wp-content\/uploads\/elementor\/thumbs\/csm_kommunikation_4bb759ec1f-qs1yrxecs7ys8ozobmpgns6oeu1ifg9h5ub2c8fmcu.png\",\"contentUrl\":\"https:\/\/www.kniezentrum.at\/de\/wp-content\/uploads\/elementor\/thumbs\/csm_kommunikation_4bb759ec1f-qs1yrxecs7ys8ozobmpgns6oeu1ifg9h5ub2c8fmcu.png\"},{\"@type\":\"WebPage\",\"@id\":\"https:\/\/www.kniezentrum.at\/de\/leistungen\/#webpage\",\"url\":\"https:\/\/www.kniezentrum.at\/de\/leistungen\/\",\"name\":\"Leistungen - Kniezentrum Dr. Wolfgang Marth Salzburg\",\"isPartOf\":{\"@id\":\"https:\/\/www.kniezentrum.at\/de\/#website\"},\"primaryImageOfPage\":{\"@id\":\"https:\/\/www.kniezentrum.at\/de\/leistungen\/#primaryimage\"},\"datePublished\":\"2022-03-08T07:31:06+00:00\",\"dateModified\":\"2024-10-08T18:44:34+00:00\",\"breadcrumb\":{\"@id\":\"https:\/\/www.kniezentrum.at\/de\/leistungen\/#breadcrumb\"},\"inLanguage\":\"de\",\"potentialAction\":[{\"@type\":\"ReadAction\",\"target\":[\"https:\/\/www.kniezentrum.at\/de\/leistungen\/\"]}]},{\"@type\":\"BreadcrumbList\",\"@id\":\"https:\/\/www.kniezentrum.at\/de\/leistungen\/#breadcrumb\",\"itemListElement\":[{\"@type\":\"ListItem\",\"position\":1,\"name\":\"Startseite\",\"item\":\"https:\/\/www.kniezentrum.at\/de\/\"},{\"@type\":\"ListItem\",\"position\":2,\"name\":\"Leistungen\"}]}]}<\/script>\n<!-- \/ Yoast SEO plugin. -->","yoast_head_json":{"title":"Leistungen - Kniezentrum Dr. Wolfgang Marth Salzburg","robots":{"index":"index","follow":"follow","max-snippet":"max-snippet:-1","max-image-preview":"max-image-preview:large","max-video-preview":"max-video-preview:-1"},"canonical":"https:\/\/www.kniezentrum.at\/de\/leistungen\/","og_locale":"de_DE","og_type":"article","og_title":"Leistungen - Kniezentrum Dr. Wolfgang Marth Salzburg","og_description":"Service aus einer Hand Service aus einer Hand Beratung &#038; Aufkl\u00e4rung Dr. Marth ist spezialisiert auf alle Probleme rund um das Knie, und begleitet sie durch alle Phasen der Behandlung. Jahrelange Erfahrung und ein breites Netzwerk an Spezialisten machen ihn zu einem kompetenten Ansprechpartner w\u00e4hrend des gesamten Behandlungsablaufs, von der Untersuchung bis hin zur Rehabilitation. &hellip; Leistungen Weiterlesen &raquo;","og_url":"https:\/\/www.kniezentrum.at\/de\/leistungen\/","og_site_name":"Kniezentrum Dr. Wolfgang Marth Salzburg","article_modified_time":"2024-10-08T18:44:34+00:00","og_image":[{"url":"https:\/\/www.kniezentrum.at\/de\/wp-content\/uploads\/elementor\/thumbs\/csm_kommunikation_4bb759ec1f-qs1yrxecs7ys8ozobmpgns6oeu1ifg9h5ub2c8fmcu.png"}],"twitter_card":"summary_large_image","twitter_misc":{"Gesch\u00e4tzte Lesezeit":"3\u00a0Minuten"},"schema":{"@context":"https:\/\/schema.org","@graph":[{"@type":"WebSite","@id":"https:\/\/www.kniezentrum.at\/de\/#website","url":"https:\/\/www.kniezentrum.at\/de\/","name":"Kniezentrum Dr. Wolfgang Marth Salzburg","description":"","potentialAction":[{"@type":"SearchAction","target":{"@type":"EntryPoint","urlTemplate":"https:\/\/www.kniezentrum.at\/de\/?s={search_term_string}"},"query-input":"required name=search_term_string"}],"inLanguage":"de"},{"@type":"ImageObject","@id":"https:\/\/www.kniezentrum.at\/de\/leistungen\/#primaryimage","inLanguage":"de","url":"https:\/\/www.kniezentrum.at\/de\/wp-content\/uploads\/elementor\/thumbs\/csm_kommunikation_4bb759ec1f-qs1yrxecs7ys8ozobmpgns6oeu1ifg9h5ub2c8fmcu.png","contentUrl":"https:\/\/www.kniezentrum.at\/de\/wp-content\/uploads\/elementor\/thumbs\/csm_kommunikation_4bb759ec1f-qs1yrxecs7ys8ozobmpgns6oeu1ifg9h5ub2c8fmcu.png"},{"@type":"WebPage","@id":"https:\/\/www.kniezentrum.at\/de\/leistungen\/#webpage","url":"https:\/\/www.kniezentrum.at\/de\/leistungen\/","name":"Leistungen - Kniezentrum Dr. Wolfgang Marth Salzburg","isPartOf":{"@id":"https:\/\/www.kniezentrum.at\/de\/#website"},"primaryImageOfPage":{"@id":"https:\/\/www.kniezentrum.at\/de\/leistungen\/#primaryimage"},"datePublished":"2022-03-08T07:31:06+00:00","dateModified":"2024-10-08T18:44:34+00:00","breadcrumb":{"@id":"https:\/\/www.kniezentrum.at\/de\/leistungen\/#breadcrumb"},"inLanguage":"de","potentialAction":[{"@type":"ReadAction","target":["https:\/\/www.kniezentrum.at\/de\/leistungen\/"]}]},{"@type":"BreadcrumbList","@id":"https:\/\/www.kniezentrum.at\/de\/leistungen\/#breadcrumb","itemListElement":[{"@type":"ListItem","position":1,"name":"Startseite","item":"https:\/\/www.kniezentrum.at\/de\/"},{"@type":"ListItem","position":2,"name":"Leistungen"}]}]}},"_links":{"self":[{"href":"https:\/\/www.kniezentrum.at\/de\/wp-json\/wp\/v2\/pages\/36","targetHints":{"allow":["GET"]}}],"collection":[{"href":"https:\/\/www.kniezentrum.at\/de\/wp-json\/wp\/v2\/pages"}],"about":[{"href":"https:\/\/www.kniezentrum.at\/de\/wp-json\/wp\/v2\/types\/page"}],"author":[{"embeddable":true,"href":"https:\/\/www.kniezentrum.at\/de\/wp-json\/wp\/v2\/users\/2"}],"replies":[{"embeddable":true,"href":"https:\/\/www.kniezentrum.at\/de\/wp-json\/wp\/v2\/comments?post=36"}],"version-history":[{"count":145,"href":"https:\/\/www.kniezentrum.at\/de\/wp-json\/wp\/v2\/pages\/36\/revisions"}],"predecessor-version":[{"id":1456,"href":"https:\/\/www.kniezentrum.at\/de\/wp-json\/wp\/v2\/pages\/36\/revisions\/1456"}],"wp:attachment":[{"href":"https:\/\/www.kniezentrum.at\/de\/wp-json\/wp\/v2\/media?parent=36"}],"curies":[{"name":"wp","href":"https:\/\/api.w.org\/{rel}","templated":true}]}}